{"id":1696,"date":"2023-12-23T08:47:45","date_gmt":"2023-12-23T08:47:45","guid":{"rendered":"https:\/\/es.jordanienbesuchen.de\/?page_id=1696"},"modified":"2026-02-23T19:14:32","modified_gmt":"2026-02-23T16:14:32","slug":"sexta-oferta","status":"publish","type":"page","link":"https:\/\/es.jordanienbesuchen.de\/?page_id=1696","title":{"rendered":"Sexta oferta"},"content":{"rendered":"\t\t<div data-elementor-type=\"wp-page\" data-elementor-id=\"1696\" class=\"elementor elementor-1696\">\n\t\t\t\t<div class=\"elementor-element elementor-element-dcfb448 e-flex e-con-boxed e-con e-parent\" data-id=\"dcfb448\" data-element_type=\"container\" data-settings=\"{&quot;background_background&quot;:&quot;classic&quot;}\">\n\t\t\t\t\t<div class=\"e-con-inner\">\n\t\t<div class=\"elementor-element elementor-element-d21b7e0 e-flex e-con-boxed e-con e-child\" data-id=\"d21b7e0\" data-element_type=\"container\">\n\t\t\t\t\t<div class=\"e-con-inner\">\n\t\t\t\t<div class=\"elementor-element elementor-element-e9fd9dc elementor-widget elementor-widget-heading\" data-id=\"e9fd9dc\" data-element_type=\"widget\" data-widget_type=\"heading.default\">\n\t\t\t\t<div class=\"elementor-widget-container\">\n\t\t\t\t\t<h1 class=\"elementor-heading-title elementor-size-default\">Sexta oferta<\/h1>\t\t\t\t<\/div>\n\t\t\t\t<\/div>\n\t\t\t\t\t<\/div>\n\t\t\t\t<\/div>\n\t\t\t\t\t<\/div>\n\t\t\t\t<\/div>\n\t\t<div class=\"elementor-element elementor-element-500861b e-con-full e-flex e-con e-parent\" data-id=\"500861b\" data-element_type=\"container\">\n\t\t<div class=\"elementor-element elementor-element-7dbc6fb e-con-full e-flex e-con e-child\" data-id=\"7dbc6fb\" data-element_type=\"container\">\n\t\t\t\t<div class=\"elementor-element elementor-element-6658dc9 elementor-widget elementor-widget-heading\" data-id=\"6658dc9\" data-element_type=\"widget\" data-widget_type=\"heading.default\">\n\t\t\t\t<div class=\"elementor-widget-container\">\n\t\t\t\t\t<h4 class=\"elementor-heading-title elementor-size-default\">7 d\u00edas - 6 noches<\/h4>\t\t\t\t<\/div>\n\t\t\t\t<\/div>\n\t\t<div class=\"elementor-element elementor-element-51b695b e-flex e-con-boxed e-con e-child\" data-id=\"51b695b\" data-element_type=\"container\">\n\t\t\t\t\t<div class=\"e-con-inner\">\n\t\t<div class=\"elementor-element elementor-element-bda37a0 e-flex e-con-boxed e-con e-child\" data-id=\"bda37a0\" data-element_type=\"container\">\n\t\t\t\t\t<div class=\"e-con-inner\">\n\t\t\t\t<div class=\"elementor-element elementor-element-91bab08 elementor-widget elementor-widget-text-editor\" data-id=\"91bab08\" data-element_type=\"widget\" data-widget_type=\"text-editor.default\">\n\t\t\t\t<div class=\"elementor-widget-container\">\n\t\t\t\t\t\t\t\t\t<p>D\u00eda 1: Llegada a Am\u00e1n (Aeropuerto Internacional Queen Alia)<\/p>\t\t\t\t\t\t\t\t<\/div>\n\t\t\t\t<\/div>\n\t\t\t\t<div class=\"elementor-element elementor-element-4605a4e elementor-widget elementor-widget-text-editor\" data-id=\"4605a4e\" data-element_type=\"widget\" data-widget_type=\"text-editor.default\">\n\t\t\t\t<div class=\"elementor-widget-container\">\n\t\t\t\t\t\t\t\t\t<p>Llegada al Aeropuerto Internacional Queen Alia. Recepci\u00f3n por nuestro representante y asistencia con los tr\u00e1mites de visado.<\/p><p>Traslado al hotel en Am\u00e1n.<\/p><p>Alojamiento en Am\u00e1n.<\/p>\t\t\t\t\t\t\t\t<\/div>\n\t\t\t\t<\/div>\n\t\t\t\t<div class=\"elementor-element elementor-element-344bb36 elementor-widget elementor-widget-text-editor\" data-id=\"344bb36\" data-element_type=\"widget\" data-widget_type=\"text-editor.default\">\n\t\t\t\t<div class=\"elementor-widget-container\">\n\t\t\t\t\t\t\t\t\t<p>D\u00eda 2: Am\u00e1n \u2013 Ajloun \u2013 Jerash \u2013 Am\u00e1n<\/p>\t\t\t\t\t\t\t\t<\/div>\n\t\t\t\t<\/div>\n\t\t\t\t<div class=\"elementor-element elementor-element-1ec29b4 elementor-widget elementor-widget-text-editor\" data-id=\"1ec29b4\" data-element_type=\"widget\" data-widget_type=\"text-editor.default\">\n\t\t\t\t<div class=\"elementor-widget-container\">\n\t\t\t\t\t\t\t\t\t<p>Despu\u00e9s del desayuno, salida hacia Ajloun para visitar el hist\u00f3rico Castillo de Ajloun, construido en 1185 durante la \u00e9poca de Saladino.<\/p><p>Continuaci\u00f3n hacia Jerash, una de las ciudades romanas mejor conservadas del mundo. Durante la visita se recorren monumentos emblem\u00e1ticos como:\u00a0<span style=\"font-style: inherit; font-weight: inherit;\">el Templo de Artemisa\u00a0\u00a0<\/span><span style=\"font-style: inherit; font-weight: inherit;\">los teatros romanos\u00a0<\/span><span style=\"font-style: inherit; font-weight: inherit;\">la calle columnada<\/span><\/p><p>y otros impresionantes restos arqueol\u00f3gicos<\/p><p>Regreso a Am\u00e1n.<\/p><p>Cena y alojamiento en Am\u00e1n.<\/p>\t\t\t\t\t\t\t\t<\/div>\n\t\t\t\t<\/div>\n\t\t\t\t<div class=\"elementor-element elementor-element-bd747f4 elementor-widget elementor-widget-text-editor\" data-id=\"bd747f4\" data-element_type=\"widget\" data-widget_type=\"text-editor.default\">\n\t\t\t\t<div class=\"elementor-widget-container\">\n\t\t\t\t\t\t\t\t\t<p>D\u00eda 3: Am\u00e1n (panor\u00e1mica) \u2013 Madaba \u2013 Monte Nebo \u2013 Umm ar-Rasas \u2013 Petra<\/p>\t\t\t\t\t\t\t\t<\/div>\n\t\t\t\t<\/div>\n\t\t\t\t<div class=\"elementor-element elementor-element-a7bf3df elementor-widget elementor-widget-text-editor\" data-id=\"a7bf3df\" data-element_type=\"widget\" data-widget_type=\"text-editor.default\">\n\t\t\t\t<div class=\"elementor-widget-container\">\n\t\t\t\t\t\t\t\t\t<p>Desayuno en el hotel. Inicio del d\u00eda con una visita panor\u00e1mica de Am\u00e1n, capital de Jordania. Se contemplan los principales puntos de inter\u00e9s, como la Ciudadela, el Teatro Romano, la zona hist\u00f3rica y sus mercados tradicionales (souqs). Recorrido por barrios residenciales como Abdoun.<\/p><p>Salida hacia Madaba, famosa por sus mosaicos bizantinos. Visita de la Iglesia Ortodoxa de San Jorge, donde se encuentra el c\u00e9lebre Mapa Mosaico de Palestina del siglo VI.<\/p><p>Continuaci\u00f3n al Monte Nebo, lugar de gran importancia hist\u00f3rica y religiosa. Desde su mirador se disfruta de una vista panor\u00e1mica del Valle del Jord\u00e1n y, en d\u00edas despejados, se pueden ver Jeric\u00f3 e incluso Jerusal\u00e9n.<\/p><p>Despu\u00e9s, visita del sitio arqueol\u00f3gico de Umm ar-Rasas, reconocido por sus ruinas y mosaicos.<\/p><p>Traslado a Petra.<\/p><p>Cena y alojamiento en Petra.<\/p>\t\t\t\t\t\t\t\t<\/div>\n\t\t\t\t<\/div>\n\t\t\t\t<div class=\"elementor-element elementor-element-9792264 elementor-widget elementor-widget-text-editor\" data-id=\"9792264\" data-element_type=\"widget\" data-widget_type=\"text-editor.default\">\n\t\t\t\t<div class=\"elementor-widget-container\">\n\t\t\t\t\t\t\t\t\t<p>D\u00eda 4 : Peque\u00f1a Petra \u2013 Petra<\/p>\t\t\t\t\t\t\t\t<\/div>\n\t\t\t\t<\/div>\n\t\t\t\t<div class=\"elementor-element elementor-element-2894dae elementor-widget elementor-widget-text-editor\" data-id=\"2894dae\" data-element_type=\"widget\" data-widget_type=\"text-editor.default\">\n\t\t\t\t<div class=\"elementor-widget-container\">\n\t\t\t\t\t\t\t\t\t<p>Despu\u00e9s del desayuno, salida hacia Al Beidha, conocida como Little Petra, antiguo punto de paso y caravasar nabateo.<\/p><p>A continuaci\u00f3n, visita completa de Petra, la legendaria \u201cCiudad Rosa\u201d y antigua capital del Reino Nabateo. Durante el recorrido se descubren sus monumentos m\u00e1s emblem\u00e1ticos tallados en la roca:<\/p><p>El Tesoro (Al-Khazneh)<\/p><p>Las tumbas nabateas y las tumbas reales<\/p><p>El impresionante Monasterio (Ad-Deir) (seg\u00fan el tiempo y la condici\u00f3n f\u00edsica)<\/p><p>Regreso al hotel.<\/p><p>Cena y alojamiento en Petra.<\/p>\t\t\t\t\t\t\t\t<\/div>\n\t\t\t\t<\/div>\n\t\t\t\t<div class=\"elementor-element elementor-element-87cd0af elementor-widget elementor-widget-text-editor\" data-id=\"87cd0af\" data-element_type=\"widget\" data-widget_type=\"text-editor.default\">\n\t\t\t\t<div class=\"elementor-widget-container\">\n\t\t\t\t\t\t\t\t\t<p>D\u00eda 5: Petra \u2013 Aqaba \u2013 Wadi Rum (4&#215;4)<\/p>\t\t\t\t\t\t\t\t<\/div>\n\t\t\t\t<\/div>\n\t\t\t\t<div class=\"elementor-element elementor-element-a682978 elementor-widget elementor-widget-text-editor\" data-id=\"a682978\" data-element_type=\"widget\" data-widget_type=\"text-editor.default\">\n\t\t\t\t<div class=\"elementor-widget-container\">\n\t\t\t\t\t\t\t\t\t<p>Despu\u00e9s del desayuno, salida hacia Aqaba, en la costa del Mar Rojo. Tiempo libre para disfrutar de la ciudad (paseo, ambiente local, compras o playa seg\u00fan el horario).<\/p><p>A primera hora de la tarde, continuaci\u00f3n hacia el desierto de Wadi Rum.<\/p><p>Realizaci\u00f3n de una excursi\u00f3n en 4&#215;4 (aprox. 2 horas) en veh\u00edculos conducidos por beduinos locales (aprox. 6 personas por veh\u00edculo). El recorrido incluye paisajes \u201clunares\u201d, formaciones rocosas y panoramas inolvidables.<\/p><p>Tras la visita, traslado al campamento beduino.<\/p><p>Cena y alojamiento en Wadi Rum.<\/p>\t\t\t\t\t\t\t\t<\/div>\n\t\t\t\t<\/div>\n\t\t\t\t<div class=\"elementor-element elementor-element-cdbffba elementor-widget elementor-widget-text-editor\" data-id=\"cdbffba\" data-element_type=\"widget\" data-widget_type=\"text-editor.default\">\n\t\t\t\t<div class=\"elementor-widget-container\">\n\t\t\t\t\t\t\t\t\t<p>D\u00eda 6: Wadi Rum \u2013 Mar Muerto<\/p>\t\t\t\t\t\t\t\t<\/div>\n\t\t\t\t<\/div>\n\t\t\t\t<div class=\"elementor-element elementor-element-d7bc5e8 elementor-widget elementor-widget-text-editor\" data-id=\"d7bc5e8\" data-element_type=\"widget\" data-widget_type=\"text-editor.default\">\n\t\t\t\t<div class=\"elementor-widget-container\">\n\t\t\t\t\t\t\t\t\t<p>Despu\u00e9s del desayuno, salida hacia el Mar Muerto, el punto m\u00e1s bajo de la Tierra (aprox. 400 m bajo el nivel del mar). Tiempo libre para disfrutar de sus aguas \u00fanicas y su alto contenido en minerales.<\/p><p>El Mar Muerto ha sido famoso desde la Antig\u00fcedad por sus propiedades naturales y su entorno excepcional.<\/p><p>Cena y alojamiento en la zona del Mar Muerto.<\/p>\t\t\t\t\t\t\t\t<\/div>\n\t\t\t\t<\/div>\n\t\t\t\t<div class=\"elementor-element elementor-element-32d2f56 elementor-widget elementor-widget-text-editor\" data-id=\"32d2f56\" data-element_type=\"widget\" data-widget_type=\"text-editor.default\">\n\t\t\t\t<div class=\"elementor-widget-container\">\n\t\t\t\t\t\t\t\t\t<p>D\u00eda 7: Mar Muerto \u2013 Aeropuerto (Am\u00e1n o Aqaba)<\/p>\t\t\t\t\t\t\t\t<\/div>\n\t\t\t\t<\/div>\n\t\t\t\t<div class=\"elementor-element elementor-element-7cf6231 elementor-widget elementor-widget-text-editor\" data-id=\"7cf6231\" data-element_type=\"widget\" data-widget_type=\"text-editor.default\">\n\t\t\t\t<div class=\"elementor-widget-container\">\n\t\t\t\t\t\t\t\t\t<p>Desayuno. Traslado al aeropuerto.<\/p>\t\t\t\t\t\t\t\t<\/div>\n\t\t\t\t<\/div>\n\t\t\t\t\t<\/div>\n\t\t\t\t<\/div>\n\t\t\t\t\t<\/div>\n\t\t\t\t<\/div>\n\t\t\t\t<\/div>\n\t\t\t\t<\/div>\n\t\t\t\t<\/div>\n\t\t","protected":false},"excerpt":{"rendered":"<p>Sexta oferta 7 d\u00edas &#8211; 6 noches D\u00eda 1: Llegada a Am\u00e1n (Aeropuerto Internacional Queen Alia) Llegada al Aeropuerto Internacional Queen Alia. Recepci\u00f3n por nuestro representante y asistencia con los tr\u00e1mites de visado. Traslado al hotel en Am\u00e1n. Alojamiento en Am\u00e1n. D\u00eda 2: Am\u00e1n \u2013 Ajloun \u2013 Jerash \u2013 Am\u00e1n Despu\u00e9s del desayuno, salida hacia [&hellip;]<\/p>\n","protected":false},"author":1,"featured_media":0,"parent":0,"menu_order":0,"comment_status":"closed","ping_status":"closed","template":"","meta":{"site-sidebar-layout":"no-sidebar","site-content-layout":"page-builder","ast-site-content-layout":"","site-content-style":"default","site-sidebar-style":"default","ast-global-header-display":"","ast-banner-title-visibility":"","ast-main-header-display":"","ast-hfb-above-header-display":"","ast-hfb-below-header-display":"","ast-hfb-mobile-header-display":"","site-post-title":"disabled","ast-breadcrumbs-content":"","ast-featured-img":"disabled","footer-sml-layout":"","theme-transparent-header-meta":"enabled","adv-header-id-meta":"","stick-header-meta":"","header-above-stick-meta":"","header-main-stick-meta":"","header-below-stick-meta":"","astra-migrate-meta-layouts":"default","ast-page-background-enabled":"default","ast-page-background-meta":{"desktop":{"background-color":"var(--ast-global-color-4)","background-image":"","background-repeat":"repeat","background-position":"center center","background-size":"auto","background-attachment":"scroll","background-type":"","background-media":"","overlay-type":"","overlay-color":"","overlay-opacity":"","overlay-gradient":""},"tablet":{"background-color":"","background-image":"","background-repeat":"repeat","background-position":"center center","background-size":"auto","background-attachment":"scroll","background-type":"","background-media":"","overlay-type":"","overlay-color":"","overlay-opacity":"","overlay-gradient":""},"mobile":{"background-color":"","background-image":"","background-repeat":"repeat","background-position":"center center","background-size":"auto","background-attachment":"scroll","background-type":"","background-media":"","overlay-type":"","overlay-color":"","overlay-opacity":"","overlay-gradient":""}},"ast-content-background-meta":{"desktop":{"background-color":"var(--ast-global-color-5)","background-image":"","background-repeat":"repeat","background-position":"center center","background-size":"auto","background-attachment":"scroll","background-type":"","background-media":"","overlay-type":"","overlay-color":"","overlay-opacity":"","overlay-gradient":""},"tablet":{"background-color":"var(--ast-global-color-5)","background-image":"","background-repeat":"repeat","background-position":"center center","background-size":"auto","background-attachment":"scroll","background-type":"","background-media":"","overlay-type":"","overlay-color":"","overlay-opacity":"","overlay-gradient":""},"mobile":{"background-color":"var(--ast-global-color-5)","background-image":"","background-repeat":"repeat","background-position":"center center","background-size":"auto","background-attachment":"scroll","background-type":"","background-media":"","overlay-type":"","overlay-color":"","overlay-opacity":"","overlay-gradient":""}},"footnotes":""},"class_list":["post-1696","page","type-page","status-publish","hentry"],"_links":{"self":[{"href":"https:\/\/es.jordanienbesuchen.de\/index.php?rest_route=\/wp\/v2\/pages\/1696","targetHints":{"allow":["GET"]}}],"collection":[{"href":"https:\/\/es.jordanienbesuchen.de\/index.php?rest_route=\/wp\/v2\/pages"}],"about":[{"href":"https:\/\/es.jordanienbesuchen.de\/index.php?rest_route=\/wp\/v2\/types\/page"}],"author":[{"embeddable":true,"href":"https:\/\/es.jordanienbesuchen.de\/index.php?rest_route=\/wp\/v2\/users\/1"}],"replies":[{"embeddable":true,"href":"https:\/\/es.jordanienbesuchen.de\/index.php?rest_route=%2Fwp%2Fv2%2Fcomments&post=1696"}],"version-history":[{"count":60,"href":"https:\/\/es.jordanienbesuchen.de\/index.php?rest_route=\/wp\/v2\/pages\/1696\/revisions"}],"predecessor-version":[{"id":3787,"href":"https:\/\/es.jordanienbesuchen.de\/index.php?rest_route=\/wp\/v2\/pages\/1696\/revisions\/3787"}],"wp:attachment":[{"href":"https:\/\/es.jordanienbesuchen.de\/index.php?rest_route=%2Fwp%2Fv2%2Fmedia&parent=1696"}],"curies":[{"name":"wp","href":"https:\/\/api.w.org\/{rel}","templated":true}]}}