{"id":1704,"date":"2023-12-23T08:51:07","date_gmt":"2023-12-23T08:51:07","guid":{"rendered":"https:\/\/es.jordanienbesuchen.de\/?page_id=1704"},"modified":"2026-02-24T10:44:19","modified_gmt":"2026-02-24T07:44:19","slug":"septima-oferta","status":"publish","type":"page","link":"https:\/\/es.jordanienbesuchen.de\/?page_id=1704","title":{"rendered":"S\u00e9ptima oferta"},"content":{"rendered":"\t\t<div data-elementor-type=\"wp-page\" data-elementor-id=\"1704\" class=\"elementor elementor-1704\">\n\t\t\t\t<div class=\"elementor-element elementor-element-dcfb448 e-flex e-con-boxed e-con e-parent\" data-id=\"dcfb448\" data-element_type=\"container\" data-settings=\"{&quot;background_background&quot;:&quot;classic&quot;}\">\n\t\t\t\t\t<div class=\"e-con-inner\">\n\t\t<div class=\"elementor-element elementor-element-d21b7e0 e-flex e-con-boxed e-con e-child\" data-id=\"d21b7e0\" data-element_type=\"container\">\n\t\t\t\t\t<div class=\"e-con-inner\">\n\t\t\t\t<div class=\"elementor-element elementor-element-e9fd9dc elementor-widget elementor-widget-heading\" data-id=\"e9fd9dc\" data-element_type=\"widget\" data-widget_type=\"heading.default\">\n\t\t\t\t<div class=\"elementor-widget-container\">\n\t\t\t\t\t<h1 class=\"elementor-heading-title elementor-size-default\">S\u00e9ptima oferta<\/h1>\t\t\t\t<\/div>\n\t\t\t\t<\/div>\n\t\t\t\t\t<\/div>\n\t\t\t\t<\/div>\n\t\t\t\t\t<\/div>\n\t\t\t\t<\/div>\n\t\t<div class=\"elementor-element elementor-element-500861b e-flex e-con-boxed e-con e-parent\" data-id=\"500861b\" data-element_type=\"container\">\n\t\t\t\t\t<div class=\"e-con-inner\">\n\t\t<div class=\"elementor-element elementor-element-7dbc6fb e-con-full e-flex e-con e-child\" data-id=\"7dbc6fb\" data-element_type=\"container\">\n\t\t\t\t<div class=\"elementor-element elementor-element-6658dc9 elementor-widget elementor-widget-heading\" data-id=\"6658dc9\" data-element_type=\"widget\" data-widget_type=\"heading.default\">\n\t\t\t\t<div class=\"elementor-widget-container\">\n\t\t\t\t\t<h4 class=\"elementor-heading-title elementor-size-default\">8 d\u00edas - 7 noches<\/h4>\t\t\t\t<\/div>\n\t\t\t\t<\/div>\n\t\t<div class=\"elementor-element elementor-element-51b695b e-flex e-con-boxed e-con e-child\" data-id=\"51b695b\" data-element_type=\"container\">\n\t\t\t\t\t<div class=\"e-con-inner\">\n\t\t<div class=\"elementor-element elementor-element-bda37a0 e-flex e-con-boxed e-con e-child\" data-id=\"bda37a0\" data-element_type=\"container\">\n\t\t\t\t\t<div class=\"e-con-inner\">\n\t\t\t\t<div class=\"elementor-element elementor-element-91bab08 elementor-widget elementor-widget-text-editor\" data-id=\"91bab08\" data-element_type=\"widget\" data-widget_type=\"text-editor.default\">\n\t\t\t\t<div class=\"elementor-widget-container\">\n\t\t\t\t\t\t\t\t\t<p>D\u00eda 1: Llegada a Am\u00e1n (Aeropuerto Internacional Queen Alia)<\/p>\t\t\t\t\t\t\t\t<\/div>\n\t\t\t\t<\/div>\n\t\t\t\t<div class=\"elementor-element elementor-element-4605a4e elementor-widget elementor-widget-text-editor\" data-id=\"4605a4e\" data-element_type=\"widget\" data-widget_type=\"text-editor.default\">\n\t\t\t\t<div class=\"elementor-widget-container\">\n\t\t\t\t\t\t\t\t\t<p>Llegada al Aeropuerto Internacional Queen Alia. Recepci\u00f3n por nuestro representante y asistencia con los tr\u00e1mites de visado.<\/p>\n<p>Traslado al hotel en Amm\u00e1n.&nbsp;&nbsp;<span style=\"font-style: inherit; font-weight: inherit;\">Alojamiento en Amm\u00e1n.<\/span><\/p>\t\t\t\t\t\t\t\t<\/div>\n\t\t\t\t<\/div>\n\t\t\t\t<div class=\"elementor-element elementor-element-344bb36 elementor-widget elementor-widget-text-editor\" data-id=\"344bb36\" data-element_type=\"widget\" data-widget_type=\"text-editor.default\">\n\t\t\t\t<div class=\"elementor-widget-container\">\n\t\t\t\t\t\t\t\t\t<p>D\u00eda 2: Am\u00e1n \u2013 Ajloun \u2013 Jerash \u2013 Am\u00e1n<\/p>\t\t\t\t\t\t\t\t<\/div>\n\t\t\t\t<\/div>\n\t\t\t\t<div class=\"elementor-element elementor-element-1ec29b4 elementor-widget elementor-widget-text-editor\" data-id=\"1ec29b4\" data-element_type=\"widget\" data-widget_type=\"text-editor.default\">\n\t\t\t\t<div class=\"elementor-widget-container\">\n\t\t\t\t\t\t\t\t\t<p>Despu\u00e9s del desayuno, salida hacia Ajloun para visitar el hist\u00f3rico Castillo de Ajloun, construido en 1185 durante la \u00e9poca de Saladino.<\/p><p>Continuaci\u00f3n hacia Jerash, una de las ciudades romanas mejor conservadas del mundo. Durante la visita se recorren monumentos emblem\u00e1ticos como:<span style=\"font-style: inherit; font-weight: inherit;\">el Templo de Artemisa\u00a0<\/span><span style=\"font-style: inherit; font-weight: inherit;\">los teatros romanos<\/span><\/p><p>la calle columnada\u00a0<span style=\"font-style: inherit; font-weight: inherit;\">y otros impresionantes restos arqueol\u00f3gicos<\/span><\/p><p>Regreso a Amm\u00e1n.<\/p><p>Cena y alojamiento en Amm\u00e1n.<\/p>\t\t\t\t\t\t\t\t<\/div>\n\t\t\t\t<\/div>\n\t\t\t\t<div class=\"elementor-element elementor-element-bd747f4 elementor-widget elementor-widget-text-editor\" data-id=\"bd747f4\" data-element_type=\"widget\" data-widget_type=\"text-editor.default\">\n\t\t\t\t<div class=\"elementor-widget-container\">\n\t\t\t\t\t\t\t\t\t<p>D\u00eda 3: Am\u00e1n (panor\u00e1mica) \u2013 Madaba \u2013 Monte Nebo \u2013 Umm ar-Rasas \u2013 Petra<\/p>\t\t\t\t\t\t\t\t<\/div>\n\t\t\t\t<\/div>\n\t\t\t\t<div class=\"elementor-element elementor-element-a7bf3df elementor-widget elementor-widget-text-editor\" data-id=\"a7bf3df\" data-element_type=\"widget\" data-widget_type=\"text-editor.default\">\n\t\t\t\t<div class=\"elementor-widget-container\">\n\t\t\t\t\t\t\t\t\t<p>Desayuno en el hotel. Inicio del d\u00eda con una visita panor\u00e1mica de Amm\u00e1n, capital de Jordania. Se contemplan los principales puntos de inter\u00e9s, como la Ciudadela, el Teatro Romano, la zona hist\u00f3rica y sus mercados tradicionales (souqs). Recorrido por barrios residenciales como Abdoun.<\/p><p>Salida hacia Madaba, famosa por sus mosaicos bizantinos. Visita de la Iglesia Ortodoxa de San Jorge, donde se encuentra el c\u00e9lebre Mapa Mosaico de Palestina del siglo VI.<\/p><p>Continuaci\u00f3n al Monte Nebo, lugar de gran importancia hist\u00f3rica y religiosa. Desde su mirador se disfruta de una vista panor\u00e1mica del Valle del Jord\u00e1n y, en d\u00edas despejados, se pueden ver Jeric\u00f3 e incluso Jerusal\u00e9n.<\/p><p>Despu\u00e9s, visita del sitio arqueol\u00f3gico de Umm ar-Rasas, reconocido por sus ruinas y mosaicos.<\/p><p>Traslado a Petra.<\/p><p>Cena y alojamiento en Petra.<\/p>\t\t\t\t\t\t\t\t<\/div>\n\t\t\t\t<\/div>\n\t\t\t\t<div class=\"elementor-element elementor-element-87cd0af elementor-widget elementor-widget-text-editor\" data-id=\"87cd0af\" data-element_type=\"widget\" data-widget_type=\"text-editor.default\">\n\t\t\t\t<div class=\"elementor-widget-container\">\n\t\t\t\t\t\t\t\t\t<p>D\u00eda 4: Peque\u00f1a Petra \u2013 Petra \u2013 Aqaba<\/p>\t\t\t\t\t\t\t\t<\/div>\n\t\t\t\t<\/div>\n\t\t\t\t<div class=\"elementor-element elementor-element-a682978 elementor-widget elementor-widget-text-editor\" data-id=\"a682978\" data-element_type=\"widget\" data-widget_type=\"text-editor.default\">\n\t\t\t\t<div class=\"elementor-widget-container\">\n\t\t\t\t\t\t\t\t\t<p>Despu\u00e9s del desayuno, salida hacia Al Beidha, conocida como Little Petra, antiguo punto de paso y caravasar nabateo.<\/p><p>A continuaci\u00f3n, visita completa de Petra, la legendaria \u201cCiudad Rosa\u201d y antigua capital del Reino Nabateo. Durante el recorrido se descubren sus monumentos m\u00e1s emblem\u00e1ticos tallados en la roca:<\/p><p>El Tesoro (Al-Khazneh)<\/p><p>Las tumbas nabateas y las tumbas reales<\/p><p>El impresionante Monasterio (Ad-Deir) (seg\u00fan el tiempo y la condici\u00f3n f\u00edsica)<\/p><p>Petra es uno de esos lugares del mundo que merece ser visitado al menos una vez en la vida.<\/p><p>Al finalizar la visita, continuaci\u00f3n hacia Aqaba, en la costa del Mar Rojo.<\/p><p>Alojamiento en Aqaba.<\/p>\t\t\t\t\t\t\t\t<\/div>\n\t\t\t\t<\/div>\n\t\t\t\t<div class=\"elementor-element elementor-element-f1e60a8 elementor-widget elementor-widget-text-editor\" data-id=\"f1e60a8\" data-element_type=\"widget\" data-widget_type=\"text-editor.default\">\n\t\t\t\t<div class=\"elementor-widget-container\">\n\t\t\t\t\t\t\t\t\t<p>D\u00eda 5: Aqaba \u2013 Wadi Rum (4&#215;4)<\/p>\t\t\t\t\t\t\t\t<\/div>\n\t\t\t\t<\/div>\n\t\t\t\t<div class=\"elementor-element elementor-element-0c3d696 elementor-widget elementor-widget-text-editor\" data-id=\"0c3d696\" data-element_type=\"widget\" data-widget_type=\"text-editor.default\">\n\t\t\t\t<div class=\"elementor-widget-container\">\n\t\t\t\t\t\t\t\t\t<p>Despu\u00e9s del desayuno, tiempo libre para disfrutar de Aqaba (paseo por el mercado, ambiente local o playa seg\u00fan el horario).<\/p><p>A primera hora de la tarde, salida hacia el desierto de Wadi Rum, una de las reservas naturales m\u00e1s impresionantes de Oriente Medio.<\/p><p>Realizaci\u00f3n de una excursi\u00f3n en 4&#215;4 (aprox. 2 horas) con veh\u00edculos conducidos por beduinos locales (aprox. 6 personas por veh\u00edculo). El recorrido incluye paisajes \u201clunares\u201d, formaciones rocosas y panoramas inolvidables.<\/p><p>Tras la visita, traslado al campamento beduino.<\/p><p>Cena y alojamiento en Wadi Rum.<\/p>\t\t\t\t\t\t\t\t<\/div>\n\t\t\t\t<\/div>\n\t\t\t\t<div class=\"elementor-element elementor-element-cdbffba elementor-widget elementor-widget-text-editor\" data-id=\"cdbffba\" data-element_type=\"widget\" data-widget_type=\"text-editor.default\">\n\t\t\t\t<div class=\"elementor-widget-container\">\n\t\t\t\t\t\t\t\t\t<p>D\u00eda 6: Wadi Rum \u2013 Mar Muerto<\/p>\t\t\t\t\t\t\t\t<\/div>\n\t\t\t\t<\/div>\n\t\t\t\t<div class=\"elementor-element elementor-element-d7bc5e8 elementor-widget elementor-widget-text-editor\" data-id=\"d7bc5e8\" data-element_type=\"widget\" data-widget_type=\"text-editor.default\">\n\t\t\t\t<div class=\"elementor-widget-container\">\n\t\t\t\t\t\t\t\t\t<p>Despu\u00e9s del desayuno, salida por carretera hacia el Valle del Jord\u00e1n hasta llegar al Mar Muerto, el punto m\u00e1s bajo de la Tierra (aprox. 400 m bajo el nivel del mar).<\/p><p>Tiempo libre para disfrutar de sus aguas \u00fanicas y su alto contenido en minerales.<\/p><p>Cena y alojamiento en la zona del Mar Muerto.<\/p>\t\t\t\t\t\t\t\t<\/div>\n\t\t\t\t<\/div>\n\t\t\t\t<div class=\"elementor-element elementor-element-32d2f56 elementor-widget elementor-widget-text-editor\" data-id=\"32d2f56\" data-element_type=\"widget\" data-widget_type=\"text-editor.default\">\n\t\t\t\t<div class=\"elementor-widget-container\">\n\t\t\t\t\t\t\t\t\t<p>D\u00eda 7: Mar Muerto \u2013 Betania (Al-Maghtas) \u2013 Mar Muerto<\/p>\t\t\t\t\t\t\t\t<\/div>\n\t\t\t\t<\/div>\n\t\t\t\t<div class=\"elementor-element elementor-element-7cf6231 elementor-widget elementor-widget-text-editor\" data-id=\"7cf6231\" data-element_type=\"widget\" data-widget_type=\"text-editor.default\">\n\t\t\t\t<div class=\"elementor-widget-container\">\n\t\t\t\t\t\t\t\t\t<p>Despu\u00e9s del desayuno, salida hacia el r\u00edo Jord\u00e1n para visitar uno de los lugares m\u00e1s m\u00edsticos y espirituales del pa\u00eds: Betania, el Lugar del Bautismo de Jes\u00fas.<\/p><p>Betania al otro lado del Jord\u00e1n (Al-Maghtas) es un importante complejo arqueol\u00f3gico situado en la orilla oriental del r\u00edo Jord\u00e1n, a unos 9 km al norte del Mar Muerto. Este enclave es reconocido como el lugar donde Jes\u00fas de Nazaret fue bautizado por Juan el Bautista.<\/p><p>Tras la visita, regreso al hotel en el Mar Muerto.<\/p><p>Tiempo libre.<\/p><p>Cena y alojamiento en el Mar Muerto.<\/p>\t\t\t\t\t\t\t\t<\/div>\n\t\t\t\t<\/div>\n\t\t\t\t<div class=\"elementor-element elementor-element-d635024 elementor-widget elementor-widget-text-editor\" data-id=\"d635024\" data-element_type=\"widget\" data-widget_type=\"text-editor.default\">\n\t\t\t\t<div class=\"elementor-widget-container\">\n\t\t\t\t\t\t\t\t\t<p>D\u00eda 8: Mar Muerto \u2013 Aeropuerto (Am\u00e1n o Aqaba)<\/p>\t\t\t\t\t\t\t\t<\/div>\n\t\t\t\t<\/div>\n\t\t\t\t<div class=\"elementor-element elementor-element-3fa5ac8 elementor-widget elementor-widget-text-editor\" data-id=\"3fa5ac8\" data-element_type=\"widget\" data-widget_type=\"text-editor.default\">\n\t\t\t\t<div class=\"elementor-widget-container\">\n\t\t\t\t\t\t\t\t\t<div id=\"TXTOBJ7E7B42D29193770\">\n<p>Despu\u00e9s del desayuno, traslado al aeropuerto para el vuelo de salida:<\/p>\n<p>Aeropuerto Internacional Queen Alia (Am\u00e1n) o Aqaba, seg\u00fan su itinerario.<\/p>\n<\/div>\t\t\t\t\t\t\t\t<\/div>\n\t\t\t\t<\/div>\n\t\t\t\t\t<\/div>\n\t\t\t\t<\/div>\n\t\t\t\t\t<\/div>\n\t\t\t\t<\/div>\n\t\t\t\t<\/div>\n\t\t\t\t\t<\/div>\n\t\t\t\t<\/div>\n\t\t\t\t<\/div>\n\t\t","protected":false},"excerpt":{"rendered":"<p>S\u00e9ptima oferta 8 d\u00edas &#8211; 7 noches D\u00eda 1: Llegada a Am\u00e1n (Aeropuerto Internacional Queen Alia) Llegada al Aeropuerto Internacional Queen Alia. Recepci\u00f3n por nuestro representante y asistencia con los tr\u00e1mites de visado. Traslado al hotel en Amm\u00e1n.&nbsp;&nbsp;Alojamiento en Amm\u00e1n. D\u00eda 2: Am\u00e1n \u2013 Ajloun \u2013 Jerash \u2013 Am\u00e1n Despu\u00e9s del desayuno, salida hacia Ajloun [&hellip;]<\/p>\n","protected":false},"author":1,"featured_media":0,"parent":0,"menu_order":0,"comment_status":"closed","ping_status":"closed","template":"","meta":{"site-sidebar-layout":"no-sidebar","site-content-layout":"page-builder","ast-site-content-layout":"","site-content-style":"default","site-sidebar-style":"default","ast-global-header-display":"","ast-banner-title-visibility":"","ast-main-header-display":"","ast-hfb-above-header-display":"","ast-hfb-below-header-display":"","ast-hfb-mobile-header-display":"","site-post-title":"disabled","ast-breadcrumbs-content":"","ast-featured-img":"disabled","footer-sml-layout":"","theme-transparent-header-meta":"enabled","adv-header-id-meta":"","stick-header-meta":"","header-above-stick-meta":"","header-main-stick-meta":"","header-below-stick-meta":"","astra-migrate-meta-layouts":"default","ast-page-background-enabled":"default","ast-page-background-meta":{"desktop":{"background-color":"var(--ast-global-color-4)","background-image":"","background-repeat":"repeat","background-position":"center center","background-size":"auto","background-attachment":"scroll","background-type":"","background-media":"","overlay-type":"","overlay-color":"","overlay-opacity":"","overlay-gradient":""},"tablet":{"background-color":"","background-image":"","background-repeat":"repeat","background-position":"center center","background-size":"auto","background-attachment":"scroll","background-type":"","background-media":"","overlay-type":"","overlay-color":"","overlay-opacity":"","overlay-gradient":""},"mobile":{"background-color":"","background-image":"","background-repeat":"repeat","background-position":"center center","background-size":"auto","background-attachment":"scroll","background-type":"","background-media":"","overlay-type":"","overlay-color":"","overlay-opacity":"","overlay-gradient":""}},"ast-content-background-meta":{"desktop":{"background-color":"var(--ast-global-color-5)","background-image":"","background-repeat":"repeat","background-position":"center center","background-size":"auto","background-attachment":"scroll","background-type":"","background-media":"","overlay-type":"","overlay-color":"","overlay-opacity":"","overlay-gradient":""},"tablet":{"background-color":"var(--ast-global-color-5)","background-image":"","background-repeat":"repeat","background-position":"center center","background-size":"auto","background-attachment":"scroll","background-type":"","background-media":"","overlay-type":"","overlay-color":"","overlay-opacity":"","overlay-gradient":""},"mobile":{"background-color":"var(--ast-global-color-5)","background-image":"","background-repeat":"repeat","background-position":"center center","background-size":"auto","background-attachment":"scroll","background-type":"","background-media":"","overlay-type":"","overlay-color":"","overlay-opacity":"","overlay-gradient":""}},"footnotes":""},"class_list":["post-1704","page","type-page","status-publish","hentry"],"_links":{"self":[{"href":"https:\/\/es.jordanienbesuchen.de\/index.php?rest_route=\/wp\/v2\/pages\/1704","targetHints":{"allow":["GET"]}}],"collection":[{"href":"https:\/\/es.jordanienbesuchen.de\/index.php?rest_route=\/wp\/v2\/pages"}],"about":[{"href":"https:\/\/es.jordanienbesuchen.de\/index.php?rest_route=\/wp\/v2\/types\/page"}],"author":[{"embeddable":true,"href":"https:\/\/es.jordanienbesuchen.de\/index.php?rest_route=\/wp\/v2\/users\/1"}],"replies":[{"embeddable":true,"href":"https:\/\/es.jordanienbesuchen.de\/index.php?rest_route=%2Fwp%2Fv2%2Fcomments&post=1704"}],"version-history":[{"count":75,"href":"https:\/\/es.jordanienbesuchen.de\/index.php?rest_route=\/wp\/v2\/pages\/1704\/revisions"}],"predecessor-version":[{"id":3816,"href":"https:\/\/es.jordanienbesuchen.de\/index.php?rest_route=\/wp\/v2\/pages\/1704\/revisions\/3816"}],"wp:attachment":[{"href":"https:\/\/es.jordanienbesuchen.de\/index.php?rest_route=%2Fwp%2Fv2%2Fmedia&parent=1704"}],"curies":[{"name":"wp","href":"https:\/\/api.w.org\/{rel}","templated":true}]}}