{"id":1714,"date":"2023-12-23T09:00:58","date_gmt":"2023-12-23T09:00:58","guid":{"rendered":"https:\/\/es.jordanienbesuchen.de\/?page_id=1714"},"modified":"2026-02-24T10:58:37","modified_gmt":"2026-02-24T07:58:37","slug":"novena-oferta","status":"publish","type":"page","link":"https:\/\/es.jordanienbesuchen.de\/?page_id=1714","title":{"rendered":"Novena oferta"},"content":{"rendered":"\t\t<div data-elementor-type=\"wp-page\" data-elementor-id=\"1714\" class=\"elementor elementor-1714\">\n\t\t\t\t<div class=\"elementor-element elementor-element-dcfb448 e-flex e-con-boxed e-con e-parent\" data-id=\"dcfb448\" data-element_type=\"container\" data-settings=\"{&quot;background_background&quot;:&quot;classic&quot;}\">\n\t\t\t\t\t<div class=\"e-con-inner\">\n\t\t<div class=\"elementor-element elementor-element-d21b7e0 e-flex e-con-boxed e-con e-child\" data-id=\"d21b7e0\" data-element_type=\"container\">\n\t\t\t\t\t<div class=\"e-con-inner\">\n\t\t\t\t<div class=\"elementor-element elementor-element-e9fd9dc elementor-widget elementor-widget-heading\" data-id=\"e9fd9dc\" data-element_type=\"widget\" data-widget_type=\"heading.default\">\n\t\t\t\t<div class=\"elementor-widget-container\">\n\t\t\t\t\t<h1 class=\"elementor-heading-title elementor-size-default\">Novena oferta<\/h1>\t\t\t\t<\/div>\n\t\t\t\t<\/div>\n\t\t\t\t\t<\/div>\n\t\t\t\t<\/div>\n\t\t\t\t\t<\/div>\n\t\t\t\t<\/div>\n\t\t<div class=\"elementor-element elementor-element-500861b e-flex e-con-boxed e-con e-parent\" data-id=\"500861b\" data-element_type=\"container\">\n\t\t\t\t\t<div class=\"e-con-inner\">\n\t\t<div class=\"elementor-element elementor-element-7dbc6fb e-con-full e-flex e-con e-child\" data-id=\"7dbc6fb\" data-element_type=\"container\">\n\t\t\t\t<div class=\"elementor-element elementor-element-6658dc9 elementor-widget elementor-widget-heading\" data-id=\"6658dc9\" data-element_type=\"widget\" data-widget_type=\"heading.default\">\n\t\t\t\t<div class=\"elementor-widget-container\">\n\t\t\t\t\t<h4 class=\"elementor-heading-title elementor-size-default\">8 d\u00edas - 7 noches<\/h4>\t\t\t\t<\/div>\n\t\t\t\t<\/div>\n\t\t<div class=\"elementor-element elementor-element-51b695b e-flex e-con-boxed e-con e-child\" data-id=\"51b695b\" data-element_type=\"container\">\n\t\t\t\t\t<div class=\"e-con-inner\">\n\t\t<div class=\"elementor-element elementor-element-bda37a0 e-flex e-con-boxed e-con e-child\" data-id=\"bda37a0\" data-element_type=\"container\">\n\t\t\t\t\t<div class=\"e-con-inner\">\n\t\t\t\t<div class=\"elementor-element elementor-element-91bab08 elementor-widget elementor-widget-text-editor\" data-id=\"91bab08\" data-element_type=\"widget\" data-widget_type=\"text-editor.default\">\n\t\t\t\t<div class=\"elementor-widget-container\">\n\t\t\t\t\t\t\t\t\t<p>D\u00eda 1: Llegada a \u00c1qaba<\/p>\t\t\t\t\t\t\t\t<\/div>\n\t\t\t\t<\/div>\n\t\t\t\t<div class=\"elementor-element elementor-element-4605a4e elementor-widget elementor-widget-text-editor\" data-id=\"4605a4e\" data-element_type=\"widget\" data-widget_type=\"text-editor.default\">\n\t\t\t\t<div class=\"elementor-widget-container\">\n\t\t\t\t\t\t\t\t\t<div id=\"TXTOBJ7E7B42E20111D20\"><p>Llegada al Aeropuerto de \u00c1qaba. Recepci\u00f3n y asistencia.<\/p><p>Traslado al hotel.<\/p><p>Alojamiento en \u00c1qaba.<\/p><\/div>\t\t\t\t\t\t\t\t<\/div>\n\t\t\t\t<\/div>\n\t\t\t\t<div class=\"elementor-element elementor-element-344bb36 elementor-widget elementor-widget-text-editor\" data-id=\"344bb36\" data-element_type=\"widget\" data-widget_type=\"text-editor.default\">\n\t\t\t\t<div class=\"elementor-widget-container\">\n\t\t\t\t\t\t\t\t\t<p>D\u00eda 2: \u00c1qaba (d\u00eda libre) \u2013 Petra<\/p>\t\t\t\t\t\t\t\t<\/div>\n\t\t\t\t<\/div>\n\t\t\t\t<div class=\"elementor-element elementor-element-1ec29b4 elementor-widget elementor-widget-text-editor\" data-id=\"1ec29b4\" data-element_type=\"widget\" data-widget_type=\"text-editor.default\">\n\t\t\t\t<div class=\"elementor-widget-container\">\n\t\t\t\t\t\t\t\t\t<p>D\u00eda libre en \u00c1qaba para disfrutar del Mar Rojo, el ambiente local o la playa.<\/p><p>Alojamiento en \u00c1qaba (media pensi\u00f3n).<\/p><p>Por la tarde, salida hacia Petra.<\/p><p>Alojamiento en Petra.<\/p>\t\t\t\t\t\t\t\t<\/div>\n\t\t\t\t<\/div>\n\t\t\t\t<div class=\"elementor-element elementor-element-bd747f4 elementor-widget elementor-widget-text-editor\" data-id=\"bd747f4\" data-element_type=\"widget\" data-widget_type=\"text-editor.default\">\n\t\t\t\t<div class=\"elementor-widget-container\">\n\t\t\t\t\t\t\t\t\t<p>D\u00eda 3: Petra (visita completa)<\/p>\t\t\t\t\t\t\t\t<\/div>\n\t\t\t\t<\/div>\n\t\t\t\t<div class=\"elementor-element elementor-element-a7bf3df elementor-widget elementor-widget-text-editor\" data-id=\"a7bf3df\" data-element_type=\"widget\" data-widget_type=\"text-editor.default\">\n\t\t\t\t<div class=\"elementor-widget-container\">\n\t\t\t\t\t\t\t\t\t<p>D\u00eda dedicado a la visita completa de Petra, la legendaria \u201cCiudad Rosa\u201d y antigua capital del Reino Nabateo. Durante el recorrido se descubren sus monumentos m\u00e1s emblem\u00e1ticos tallados en la roca:<\/p><p>El Tesoro (Al-Khazneh)<\/p><p>Las tumbas nabateas y las tumbas reales<\/p><p>El impresionante Monasterio (Ad-Deir) (seg\u00fan el tiempo y la condici\u00f3n f\u00edsica)<\/p><p>Petra es uno de esos lugares del mundo que merece ser visitado al menos una vez en la vida.<\/p><p>Cena y alojamiento en Petra.<\/p>\t\t\t\t\t\t\t\t<\/div>\n\t\t\t\t<\/div>\n\t\t\t\t<div class=\"elementor-element elementor-element-87cd0af elementor-widget elementor-widget-text-editor\" data-id=\"87cd0af\" data-element_type=\"widget\" data-widget_type=\"text-editor.default\">\n\t\t\t\t<div class=\"elementor-widget-container\">\n\t\t\t\t\t\t\t\t\t<p>D\u00eda 4: Petra \u2013 Wadi Rum (4&#215;4)<\/p>\t\t\t\t\t\t\t\t<\/div>\n\t\t\t\t<\/div>\n\t\t\t\t<div class=\"elementor-element elementor-element-a682978 elementor-widget elementor-widget-text-editor\" data-id=\"a682978\" data-element_type=\"widget\" data-widget_type=\"text-editor.default\">\n\t\t\t\t<div class=\"elementor-widget-container\">\n\t\t\t\t\t\t\t\t\t<p>Despu\u00e9s del desayuno, salida hacia Wadi Rum, una de las reservas naturales m\u00e1s impresionantes de Oriente Medio, conocida como el \u201cdesierto de Lawrence de Arabia\u201d.<\/p><p>Realizaci\u00f3n de una excursi\u00f3n en 4&#215;4 (aprox. 2 horas) con veh\u00edculos conducidos por beduinos locales. El recorrido incluye paisajes \u201clunares\u201d, formaciones rocosas y panoramas inolvidables.<\/p><p>Wadi Rum tambi\u00e9n es famoso por haber sido escenario de pel\u00edculas como Lawrence de Arabia o The Martian.<\/p><p>Tras la visita, traslado al campamento beduino.<\/p><p>Cena y alojamiento en Wadi Rum (tiendas est\u00e1ndar incluidas; opci\u00f3n de tiendas burbuja disponible con suplemento).<\/p>\t\t\t\t\t\t\t\t<\/div>\n\t\t\t\t<\/div>\n\t\t\t\t<div class=\"elementor-element elementor-element-cdbffba elementor-widget elementor-widget-text-editor\" data-id=\"cdbffba\" data-element_type=\"widget\" data-widget_type=\"text-editor.default\">\n\t\t\t\t<div class=\"elementor-widget-container\">\n\t\t\t\t\t\t\t\t\t<p>D\u00eda 5: Wadi Rum \u2013 Mar Muerto \u2013 Am\u00e1n<\/p>\t\t\t\t\t\t\t\t<\/div>\n\t\t\t\t<\/div>\n\t\t\t\t<div class=\"elementor-element elementor-element-d7bc5e8 elementor-widget elementor-widget-text-editor\" data-id=\"d7bc5e8\" data-element_type=\"widget\" data-widget_type=\"text-editor.default\">\n\t\t\t\t<div class=\"elementor-widget-container\">\n\t\t\t\t\t\t\t\t\t<p>Despu\u00e9s del desayuno, salida hacia el Mar Muerto, el punto m\u00e1s bajo de la Tierra.<\/p><p>Tiempo libre para flotar en sus aguas saladas y disfrutar del barro rico en minerales.<\/p><p>Al finalizar la visita, traslado a Amm\u00e1n.<\/p><p>Cena y alojamiento en Amm\u00e1n.<\/p>\t\t\t\t\t\t\t\t<\/div>\n\t\t\t\t<\/div>\n\t\t\t\t<div class=\"elementor-element elementor-element-32d2f56 elementor-widget elementor-widget-text-editor\" data-id=\"32d2f56\" data-element_type=\"widget\" data-widget_type=\"text-editor.default\">\n\t\t\t\t<div class=\"elementor-widget-container\">\n\t\t\t\t\t\t\t\t\t<p>D\u00eda 6: Am\u00e1n \u2013 Ajloun \u2013 Jerash \u2013 Am\u00e1n<\/p>\t\t\t\t\t\t\t\t<\/div>\n\t\t\t\t<\/div>\n\t\t\t\t<div class=\"elementor-element elementor-element-7cf6231 elementor-widget elementor-widget-text-editor\" data-id=\"7cf6231\" data-element_type=\"widget\" data-widget_type=\"text-editor.default\">\n\t\t\t\t<div class=\"elementor-widget-container\">\n\t\t\t\t\t\t\t\t\t<p>Despu\u00e9s del desayuno, salida hacia Ajloun para visitar el hist\u00f3rico Castillo de Ajloun, construido en 1185 durante la \u00e9poca de Saladino.<\/p><p>Continuaci\u00f3n hacia Jerash, una de las ciudades romanas mejor conservadas del mundo. Durante la visita se recorren monumentos emblem\u00e1ticos como el Templo de Artemisa, los teatros romanos y la calle columnada.<\/p><p>Regreso a Am\u00e1n.<\/p><p>Cena y alojamiento en Am\u00e1n.<\/p>\t\t\t\t\t\t\t\t<\/div>\n\t\t\t\t<\/div>\n\t\t\t\t<div class=\"elementor-element elementor-element-d635024 elementor-widget elementor-widget-text-editor\" data-id=\"d635024\" data-element_type=\"widget\" data-widget_type=\"text-editor.default\">\n\t\t\t\t<div class=\"elementor-widget-container\">\n\t\t\t\t\t\t\t\t\t<p>D\u00eda 7: Am\u00e1n \u2013 Madaba \u2013 Monte Nebo \u2013 \u00c1qaba<\/p>\t\t\t\t\t\t\t\t<\/div>\n\t\t\t\t<\/div>\n\t\t\t\t<div class=\"elementor-element elementor-element-3fa5ac8 elementor-widget elementor-widget-text-editor\" data-id=\"3fa5ac8\" data-element_type=\"widget\" data-widget_type=\"text-editor.default\">\n\t\t\t\t<div class=\"elementor-widget-container\">\n\t\t\t\t\t\t\t\t\t<p>Despu\u00e9s del desayuno, salida hacia Madaba para visitar la Iglesia Ortodoxa de San Jorge, donde se encuentra el famoso Mapa Mosaico de Palestina.<\/p><p>Continuaci\u00f3n al Monte Nebo, uno de los lugares m\u00e1s importantes del pa\u00eds. Desde su mirador se disfruta de una vista panor\u00e1mica del Valle del Jord\u00e1n y el Mar Muerto.<\/p><p>Traslado a \u00c1qaba.<\/p><p>Cena y alojamiento en \u00c1qaba.<\/p>\t\t\t\t\t\t\t\t<\/div>\n\t\t\t\t<\/div>\n\t\t\t\t<div class=\"elementor-element elementor-element-e480542 elementor-widget elementor-widget-text-editor\" data-id=\"e480542\" data-element_type=\"widget\" data-widget_type=\"text-editor.default\">\n\t\t\t\t<div class=\"elementor-widget-container\">\n\t\t\t\t\t\t\t\t\t<p>D\u00eda 8: \u00c1qaba \u2013 Aeropuerto<\/p>\t\t\t\t\t\t\t\t<\/div>\n\t\t\t\t<\/div>\n\t\t\t\t<div class=\"elementor-element elementor-element-0f103bd elementor-widget elementor-widget-text-editor\" data-id=\"0f103bd\" data-element_type=\"widget\" data-widget_type=\"text-editor.default\">\n\t\t\t\t<div class=\"elementor-widget-container\">\n\t\t\t\t\t\t\t\t\t<div id=\"TXTOBJ7E7B531137A11\">\n<p>Despu\u00e9s del desayuno, traslado al Aeropuerto de \u00c1qaba para el vuelo de salida.<\/p><\/div>\t\t\t\t\t\t\t\t<\/div>\n\t\t\t\t<\/div>\n\t\t\t\t\t<\/div>\n\t\t\t\t<\/div>\n\t\t\t\t\t<\/div>\n\t\t\t\t<\/div>\n\t\t\t\t<\/div>\n\t\t\t\t\t<\/div>\n\t\t\t\t<\/div>\n\t\t\t\t<\/div>\n\t\t","protected":false},"excerpt":{"rendered":"<p>Novena oferta 8 d\u00edas &#8211; 7 noches D\u00eda 1: Llegada a \u00c1qaba Llegada al Aeropuerto de \u00c1qaba. Recepci\u00f3n y asistencia. Traslado al hotel. Alojamiento en \u00c1qaba. D\u00eda 2: \u00c1qaba (d\u00eda libre) \u2013 Petra D\u00eda libre en \u00c1qaba para disfrutar del Mar Rojo, el ambiente local o la playa. Alojamiento en \u00c1qaba (media pensi\u00f3n). Por la [&hellip;]<\/p>\n","protected":false},"author":1,"featured_media":0,"parent":0,"menu_order":0,"comment_status":"closed","ping_status":"closed","template":"","meta":{"site-sidebar-layout":"no-sidebar","site-content-layout":"page-builder","ast-site-content-layout":"","site-content-style":"default","site-sidebar-style":"default","ast-global-header-display":"","ast-banner-title-visibility":"","ast-main-header-display":"","ast-hfb-above-header-display":"","ast-hfb-below-header-display":"","ast-hfb-mobile-header-display":"","site-post-title":"disabled","ast-breadcrumbs-content":"","ast-featured-img":"disabled","footer-sml-layout":"","theme-transparent-header-meta":"enabled","adv-header-id-meta":"","stick-header-meta":"","header-above-stick-meta":"","header-main-stick-meta":"","header-below-stick-meta":"","astra-migrate-meta-layouts":"default","ast-page-background-enabled":"default","ast-page-background-meta":{"desktop":{"background-color":"var(--ast-global-color-4)","background-image":"","background-repeat":"repeat","background-position":"center center","background-size":"auto","background-attachment":"scroll","background-type":"","background-media":"","overlay-type":"","overlay-color":"","overlay-opacity":"","overlay-gradient":""},"tablet":{"background-color":"","background-image":"","background-repeat":"repeat","background-position":"center center","background-size":"auto","background-attachment":"scroll","background-type":"","background-media":"","overlay-type":"","overlay-color":"","overlay-opacity":"","overlay-gradient":""},"mobile":{"background-color":"","background-image":"","background-repeat":"repeat","background-position":"center center","background-size":"auto","background-attachment":"scroll","background-type":"","background-media":"","overlay-type":"","overlay-color":"","overlay-opacity":"","overlay-gradient":""}},"ast-content-background-meta":{"desktop":{"background-color":"var(--ast-global-color-5)","background-image":"","background-repeat":"repeat","background-position":"center center","background-size":"auto","background-attachment":"scroll","background-type":"","background-media":"","overlay-type":"","overlay-color":"","overlay-opacity":"","overlay-gradient":""},"tablet":{"background-color":"var(--ast-global-color-5)","background-image":"","background-repeat":"repeat","background-position":"center center","background-size":"auto","background-attachment":"scroll","background-type":"","background-media":"","overlay-type":"","overlay-color":"","overlay-opacity":"","overlay-gradient":""},"mobile":{"background-color":"var(--ast-global-color-5)","background-image":"","background-repeat":"repeat","background-position":"center center","background-size":"auto","background-attachment":"scroll","background-type":"","background-media":"","overlay-type":"","overlay-color":"","overlay-opacity":"","overlay-gradient":""}},"footnotes":""},"class_list":["post-1714","page","type-page","status-publish","hentry"],"_links":{"self":[{"href":"https:\/\/es.jordanienbesuchen.de\/index.php?rest_route=\/wp\/v2\/pages\/1714","targetHints":{"allow":["GET"]}}],"collection":[{"href":"https:\/\/es.jordanienbesuchen.de\/index.php?rest_route=\/wp\/v2\/pages"}],"about":[{"href":"https:\/\/es.jordanienbesuchen.de\/index.php?rest_route=\/wp\/v2\/types\/page"}],"author":[{"embeddable":true,"href":"https:\/\/es.jordanienbesuchen.de\/index.php?rest_route=\/wp\/v2\/users\/1"}],"replies":[{"embeddable":true,"href":"https:\/\/es.jordanienbesuchen.de\/index.php?rest_route=%2Fwp%2Fv2%2Fcomments&post=1714"}],"version-history":[{"count":51,"href":"https:\/\/es.jordanienbesuchen.de\/index.php?rest_route=\/wp\/v2\/pages\/1714\/revisions"}],"predecessor-version":[{"id":3851,"href":"https:\/\/es.jordanienbesuchen.de\/index.php?rest_route=\/wp\/v2\/pages\/1714\/revisions\/3851"}],"wp:attachment":[{"href":"https:\/\/es.jordanienbesuchen.de\/index.php?rest_route=%2Fwp%2Fv2%2Fmedia&parent=1714"}],"curies":[{"name":"wp","href":"https:\/\/api.w.org\/{rel}","templated":true}]}}