{"id":1945,"date":"2024-04-20T11:01:36","date_gmt":"2024-04-20T08:01:36","guid":{"rendered":"https:\/\/es.jordanienbesuchen.de\/?page_id=1945"},"modified":"2026-02-23T19:02:59","modified_gmt":"2026-02-23T16:02:59","slug":"quintas-ofertas","status":"publish","type":"page","link":"https:\/\/es.jordanienbesuchen.de\/?page_id=1945","title":{"rendered":"Quinta oferta"},"content":{"rendered":"\t\t<div data-elementor-type=\"wp-page\" data-elementor-id=\"1945\" class=\"elementor elementor-1945\">\n\t\t\t\t<div class=\"elementor-element elementor-element-dcfb448 e-con-full e-flex e-con e-parent\" data-id=\"dcfb448\" data-element_type=\"container\" data-settings=\"{&quot;background_background&quot;:&quot;classic&quot;}\">\n\t\t<div class=\"elementor-element elementor-element-d21b7e0 e-flex e-con-boxed e-con e-child\" data-id=\"d21b7e0\" data-element_type=\"container\">\n\t\t\t\t\t<div class=\"e-con-inner\">\n\t\t\t\t<div class=\"elementor-element elementor-element-e9fd9dc elementor-widget elementor-widget-heading\" data-id=\"e9fd9dc\" data-element_type=\"widget\" data-widget_type=\"heading.default\">\n\t\t\t\t<div class=\"elementor-widget-container\">\n\t\t\t\t\t<h1 class=\"elementor-heading-title elementor-size-default\">Quinta oferta<\/h1>\t\t\t\t<\/div>\n\t\t\t\t<\/div>\n\t\t\t\t\t<\/div>\n\t\t\t\t<\/div>\n\t\t\t\t<\/div>\n\t\t<div class=\"elementor-element elementor-element-500861b e-con-full e-flex e-con e-parent\" data-id=\"500861b\" data-element_type=\"container\">\n\t\t<div class=\"elementor-element elementor-element-7dbc6fb e-con-full e-flex e-con e-child\" data-id=\"7dbc6fb\" data-element_type=\"container\">\n\t\t\t\t<div class=\"elementor-element elementor-element-6658dc9 elementor-widget elementor-widget-heading\" data-id=\"6658dc9\" data-element_type=\"widget\" data-widget_type=\"heading.default\">\n\t\t\t\t<div class=\"elementor-widget-container\">\n\t\t\t\t\t<h4 class=\"elementor-heading-title elementor-size-default\">6 d\u00edas \u2013 5 noches<\/h4>\t\t\t\t<\/div>\n\t\t\t\t<\/div>\n\t\t<div class=\"elementor-element elementor-element-51b695b e-flex e-con-boxed e-con e-child\" data-id=\"51b695b\" data-element_type=\"container\">\n\t\t\t\t\t<div class=\"e-con-inner\">\n\t\t<div class=\"elementor-element elementor-element-bda37a0 e-flex e-con-boxed e-con e-child\" data-id=\"bda37a0\" data-element_type=\"container\">\n\t\t\t\t\t<div class=\"e-con-inner\">\n\t\t\t\t<div class=\"elementor-element elementor-element-91bab08 elementor-widget elementor-widget-text-editor\" data-id=\"91bab08\" data-element_type=\"widget\" data-widget_type=\"text-editor.default\">\n\t\t\t\t<div class=\"elementor-widget-container\">\n\t\t\t\t\t\t\t\t\t<p data-sider-select-id=\"703fbba1-c511-44f6-bd4e-318843eac336\">D\u00eda 1: Llegada a Am\u00e1n \u2013 Qalia<\/p>\t\t\t\t\t\t\t\t<\/div>\n\t\t\t\t<\/div>\n\t\t\t\t<div class=\"elementor-element elementor-element-4605a4e elementor-widget elementor-widget-text-editor\" data-id=\"4605a4e\" data-element_type=\"widget\" data-widget_type=\"text-editor.default\">\n\t\t\t\t<div class=\"elementor-widget-container\">\n\t\t\t\t\t\t\t\t\t<p>Llegada al Aeropuerto Internacional Reina Alia. Recepci\u00f3n y asistencia con los tr\u00e1mites del visado.<\/p><p>A continuaci\u00f3n, salida a la terminal y traslado al hotel.<\/p><p>Alojamiento.<\/p>\t\t\t\t\t\t\t\t<\/div>\n\t\t\t\t<\/div>\n\t\t\t\t<div class=\"elementor-element elementor-element-344bb36 elementor-widget elementor-widget-text-editor\" data-id=\"344bb36\" data-element_type=\"widget\" data-widget_type=\"text-editor.default\">\n\t\t\t\t<div class=\"elementor-widget-container\">\n\t\t\t\t\t\t\t\t\t<p>D\u00eda 2: Am\u00e1n \u2013 Ajloun \u2013 Jerash \u2013 Mar Muerto \u2013 Am\u00e1n<\/p>\t\t\t\t\t\t\t\t<\/div>\n\t\t\t\t<\/div>\n\t\t\t\t<div class=\"elementor-element elementor-element-1ec29b4 elementor-widget elementor-widget-text-editor\" data-id=\"1ec29b4\" data-element_type=\"widget\" data-widget_type=\"text-editor.default\">\n\t\t\t\t<div class=\"elementor-widget-container\">\n\t\t\t\t\t\t\t\t\t<p>Desayuno en el hotel.<\/p><p>Salida hacia Ajloun. Visita del Castillo de Ajloun, situado en el Jabal Auf a 1.123 metros de altitud. Fue construido en 1185 por el famoso general del sult\u00e1n Saladino, con el fin de proteger la regi\u00f3n de los ataques de los cruzados y asegurar las rutas de peregrinaci\u00f3n. Tras sufrir da\u00f1os y destrucciones, fue reconstruido en el siglo XIII.<\/p><p>Continuaci\u00f3n hacia Jerash, una de las ciudades m\u00e1s importantes de la Dec\u00e1polis y uno de los mejores ejemplos de ciudad provincial romana en Oriente Medio, situada a unos 50 km al norte de Am\u00e1n. Tras la conquista romana en el 63 a. C., Jerash vivi\u00f3 una gran \u00e9poca de esplendor.<\/p><p>Durante la visita descubrir\u00e1 el Templo de Artemisa, los teatros, la calle columnada y numerosos edificios antiguos que reflejan la grandeza hist\u00f3rica de la regi\u00f3n.<\/p><p>Al final del d\u00eda, regreso a Am\u00e1n.<\/p><p>Alojamiento.<\/p>\t\t\t\t\t\t\t\t<\/div>\n\t\t\t\t<\/div>\n\t\t\t\t<div class=\"elementor-element elementor-element-bd747f4 elementor-widget elementor-widget-text-editor\" data-id=\"bd747f4\" data-element_type=\"widget\" data-widget_type=\"text-editor.default\">\n\t\t\t\t<div class=\"elementor-widget-container\">\n\t\t\t\t\t\t\t\t\t<p>D\u00eda 3: Tour panor\u00e1mico por Am\u00e1n \u2013 Madaba \u2013 Monte Nebo \u2013 Umm er-Rasas \u2013 Petra<\/p>\t\t\t\t\t\t\t\t<\/div>\n\t\t\t\t<\/div>\n\t\t\t\t<div class=\"elementor-element elementor-element-a7bf3df elementor-widget elementor-widget-text-editor\" data-id=\"a7bf3df\" data-element_type=\"widget\" data-widget_type=\"text-editor.default\">\n\t\t\t\t<div class=\"elementor-widget-container\">\n\t\t\t\t\t\t\t\t\t<p>Desayuno en el hotel.<\/p><p>A continuaci\u00f3n, realizaremos un tour panor\u00e1mico por Am\u00e1n, la capital de Jordania. Durante el recorrido veremos la Ciudadela, el Teatro Romano, el casco antiguo y las principales calles y avenidas. Paseo por los animados zocos y recorrido por los barrios residenciales, entre ellos Abdoun.<\/p><p>Continuaci\u00f3n hacia Madaba, conocida por sus mosaicos bizantinos y omeyas. Visita de la iglesia ortodoxa de San Jorge, donde se encuentra el famoso mapa en mosaico de Tierra Santa del siglo VI.<\/p><p>Posteriormente, salida hacia el Monte Nebo, desde donde, seg\u00fan la tradici\u00f3n, el profeta Mois\u00e9s contempl\u00f3 la Tierra Prometida. En el lugar se encuentran tambi\u00e9n los restos de una iglesia del siglo IV y un monasterio con magn\u00edficos mosaicos. Desde la cima, disfrute de vistas panor\u00e1micas sobre el valle del Jord\u00e1n y, en d\u00edas claros, hasta Jeric\u00f3 e incluso Jerusal\u00e9n.<\/p><p>Continuaci\u00f3n hacia Umm er-Rasas (Patrimonio de la Humanidad \u2013 UNESCO), famoso por sus mosaicos y restos arqueol\u00f3gicos.<\/p><p>Al final del d\u00eda, traslado a Petra.<\/p><p>Alojamiento.<\/p>\t\t\t\t\t\t\t\t<\/div>\n\t\t\t\t<\/div>\n\t\t\t\t<div class=\"elementor-element elementor-element-87cd0af elementor-widget elementor-widget-text-editor\" data-id=\"87cd0af\" data-element_type=\"widget\" data-widget_type=\"text-editor.default\">\n\t\t\t\t<div class=\"elementor-widget-container\">\n\t\t\t\t\t\t\t\t\t<p>D\u00eda 4: Peque\u00f1a Petra \u2013 Petra \u2013 Aqaba<\/p>\t\t\t\t\t\t\t\t<\/div>\n\t\t\t\t<\/div>\n\t\t\t\t<div class=\"elementor-element elementor-element-a682978 elementor-widget elementor-widget-text-editor\" data-id=\"a682978\" data-element_type=\"widget\" data-widget_type=\"text-editor.default\">\n\t\t\t\t<div class=\"elementor-widget-container\">\n\t\t\t\t\t\t\t\t\t<p>Desayuno en el hotel.<\/p><p>Salida hacia la cercana localidad de Al Beida, tambi\u00e9n conocida como Peque\u00f1a Petra. Visita del sitio, que antiguamente serv\u00eda como punto de descanso para caravanas.<\/p><p>Regreso a Petra.<\/p><p>D\u00eda dedicado a la visita de la famosa Ciudad Rosa, antigua capital de los nabateos. Durante la excursi\u00f3n descubriremos los monumentos m\u00e1s importantes excavados directamente en la roca.<\/p><p>Comenzaremos con el Tesoro (Al-Khazneh), monumento internacionalmente conocido y famoso por aparecer en una pel\u00edcula de Indiana Jones. Continuaremos hacia las impresionantes tumbas, incluyendo las Tumbas de Colores, las Tumbas Reales y el monumental Monasterio (Ad-Deir).<\/p><p>Petra es, sin duda, uno de esos lugares del mundo que se deben visitar al menos una vez en la vida.<\/p><p>Al finalizar la visita, continuaci\u00f3n hacia Aqaba.<\/p><p>Alojamiento.<\/p>\t\t\t\t\t\t\t\t<\/div>\n\t\t\t\t<\/div>\n\t\t\t\t<div class=\"elementor-element elementor-element-cdbffba elementor-widget elementor-widget-text-editor\" data-id=\"cdbffba\" data-element_type=\"widget\" data-widget_type=\"text-editor.default\">\n\t\t\t\t<div class=\"elementor-widget-container\">\n\t\t\t\t\t\t\t\t\t<p>D\u00eda 5: Aqaba \u2013 Wadi Rum<\/p>\t\t\t\t\t\t\t\t<\/div>\n\t\t\t\t<\/div>\n\t\t\t\t<div class=\"elementor-element elementor-element-d7bc5e8 elementor-widget elementor-widget-text-editor\" data-id=\"d7bc5e8\" data-element_type=\"widget\" data-widget_type=\"text-editor.default\">\n\t\t\t\t<div class=\"elementor-widget-container\">\n\t\t\t\t\t\t\t\t\t<p>Desayuno en el hotel.<\/p><p>Tiempo libre para disfrutar de la ciudad de Aqaba. Pasee por el mercado, disfrute de una ma\u00f1ana en la playa, etc.<\/p><p>El programa incluye una ma\u00f1ana relajante en la playa de Tala Bay (en el Berenice Club o un club similar), donde podr\u00e1 utilizar las instalaciones (piscina o mar, duchas y toallas). Tambi\u00e9n se incluye un almuerzo (bebidas no incluidas).<\/p><p>A primera hora de la tarde, salida hacia Wadi Rum, una de las reservas naturales m\u00e1s importantes de Oriente Medio, conocida como el desierto de Lawrence de Arabia.<\/p><p>La visita dura aproximadamente 2 horas y se realiza en veh\u00edculos 4&#215;4, conducidos por beduinos locales (aprox. 6 personas por veh\u00edculo). Se trata de un recorrido por la espectacular paisaje lunar del desierto.<\/p><p>Wadi Rum tambi\u00e9n es famoso por haber sido escenario de pel\u00edculas como Lawrence de Arabia y, m\u00e1s recientemente, The Martian (El marciano).<\/p><p>Al finalizar la visita, traslado al campamento beduino, donde pasar\u00e1 la noche bajo las estrellas.<\/p><p>(Tiendas est\u00e1ndar incluidas. Si desea alojarse en tiendas tipo c\u00e1psula, consulte el suplemento).<\/p><p>Cena y alojamiento.<\/p>\t\t\t\t\t\t\t\t<\/div>\n\t\t\t\t<\/div>\n\t\t\t\t<div class=\"elementor-element elementor-element-810504c elementor-widget elementor-widget-text-editor\" data-id=\"810504c\" data-element_type=\"widget\" data-widget_type=\"text-editor.default\">\n\t\t\t\t<div class=\"elementor-widget-container\">\n\t\t\t\t\t\t\t\t\t<p>D\u00eda 6: Wadi Rum \u2013 Traslado al Aeropuerto (QAIA o Aqaba)<\/p>\t\t\t\t\t\t\t\t<\/div>\n\t\t\t\t<\/div>\n\t\t\t\t<div class=\"elementor-element elementor-element-f2a62b5 elementor-widget elementor-widget-text-editor\" data-id=\"f2a62b5\" data-element_type=\"widget\" data-widget_type=\"text-editor.default\">\n\t\t\t\t<div class=\"elementor-widget-container\">\n\t\t\t\t\t\t\t\t\t<p>Desayuno en el campamento.<\/p><p>A continuaci\u00f3n, traslado al Aeropuerto Internacional Reina Alia (QAIA) o al Aeropuerto de Aqaba (seg\u00fan el vuelo).<\/p>\t\t\t\t\t\t\t\t<\/div>\n\t\t\t\t<\/div>\n\t\t\t\t\t<\/div>\n\t\t\t\t<\/div>\n\t\t\t\t\t<\/div>\n\t\t\t\t<\/div>\n\t\t\t\t<\/div>\n\t\t\t\t<\/div>\n\t\t\t\t<\/div>\n\t\t","protected":false},"excerpt":{"rendered":"<p>Quinta oferta 6 d\u00edas \u2013 5 noches D\u00eda 1: Llegada a Am\u00e1n \u2013 Qalia Llegada al Aeropuerto Internacional Reina Alia. Recepci\u00f3n y asistencia con los tr\u00e1mites del visado. A continuaci\u00f3n, salida a la terminal y traslado al hotel. Alojamiento. D\u00eda 2: Am\u00e1n \u2013 Ajloun \u2013 Jerash \u2013 Mar Muerto \u2013 Am\u00e1n Desayuno en el hotel. [&hellip;]<\/p>\n","protected":false},"author":1,"featured_media":0,"parent":0,"menu_order":0,"comment_status":"closed","ping_status":"closed","template":"","meta":{"site-sidebar-layout":"no-sidebar","site-content-layout":"page-builder","ast-site-content-layout":"","site-content-style":"default","site-sidebar-style":"default","ast-global-header-display":"","ast-banner-title-visibility":"","ast-main-header-display":"","ast-hfb-above-header-display":"","ast-hfb-below-header-display":"","ast-hfb-mobile-header-display":"","site-post-title":"disabled","ast-breadcrumbs-content":"","ast-featured-img":"disabled","footer-sml-layout":"","theme-transparent-header-meta":"enabled","adv-header-id-meta":"","stick-header-meta":"","header-above-stick-meta":"","header-main-stick-meta":"","header-below-stick-meta":"","astra-migrate-meta-layouts":"default","ast-page-background-enabled":"default","ast-page-background-meta":{"desktop":{"background-color":"var(--ast-global-color-4)","background-image":"","background-repeat":"repeat","background-position":"center center","background-size":"auto","background-attachment":"scroll","background-type":"","background-media":"","overlay-type":"","overlay-color":"","overlay-opacity":"","overlay-gradient":""},"tablet":{"background-color":"","background-image":"","background-repeat":"repeat","background-position":"center center","background-size":"auto","background-attachment":"scroll","background-type":"","background-media":"","overlay-type":"","overlay-color":"","overlay-opacity":"","overlay-gradient":""},"mobile":{"background-color":"","background-image":"","background-repeat":"repeat","background-position":"center center","background-size":"auto","background-attachment":"scroll","background-type":"","background-media":"","overlay-type":"","overlay-color":"","overlay-opacity":"","overlay-gradient":""}},"ast-content-background-meta":{"desktop":{"background-color":"var(--ast-global-color-5)","background-image":"","background-repeat":"repeat","background-position":"center center","background-size":"auto","background-attachment":"scroll","background-type":"","background-media":"","overlay-type":"","overlay-color":"","overlay-opacity":"","overlay-gradient":""},"tablet":{"background-color":"var(--ast-global-color-5)","background-image":"","background-repeat":"repeat","background-position":"center center","background-size":"auto","background-attachment":"scroll","background-type":"","background-media":"","overlay-type":"","overlay-color":"","overlay-opacity":"","overlay-gradient":""},"mobile":{"background-color":"var(--ast-global-color-5)","background-image":"","background-repeat":"repeat","background-position":"center center","background-size":"auto","background-attachment":"scroll","background-type":"","background-media":"","overlay-type":"","overlay-color":"","overlay-opacity":"","overlay-gradient":""}},"footnotes":""},"class_list":["post-1945","page","type-page","status-publish","hentry"],"_links":{"self":[{"href":"https:\/\/es.jordanienbesuchen.de\/index.php?rest_route=\/wp\/v2\/pages\/1945","targetHints":{"allow":["GET"]}}],"collection":[{"href":"https:\/\/es.jordanienbesuchen.de\/index.php?rest_route=\/wp\/v2\/pages"}],"about":[{"href":"https:\/\/es.jordanienbesuchen.de\/index.php?rest_route=\/wp\/v2\/types\/page"}],"author":[{"embeddable":true,"href":"https:\/\/es.jordanienbesuchen.de\/index.php?rest_route=\/wp\/v2\/users\/1"}],"replies":[{"embeddable":true,"href":"https:\/\/es.jordanienbesuchen.de\/index.php?rest_route=%2Fwp%2Fv2%2Fcomments&post=1945"}],"version-history":[{"count":114,"href":"https:\/\/es.jordanienbesuchen.de\/index.php?rest_route=\/wp\/v2\/pages\/1945\/revisions"}],"predecessor-version":[{"id":3769,"href":"https:\/\/es.jordanienbesuchen.de\/index.php?rest_route=\/wp\/v2\/pages\/1945\/revisions\/3769"}],"wp:attachment":[{"href":"https:\/\/es.jordanienbesuchen.de\/index.php?rest_route=%2Fwp%2Fv2%2Fmedia&parent=1945"}],"curies":[{"name":"wp","href":"https:\/\/api.w.org\/{rel}","templated":true}]}}